{"id":505,"date":"2024-09-13T11:44:54","date_gmt":"2024-09-13T09:44:54","guid":{"rendered":"http:\/\/avalancheski.com\/mentions-legales\/"},"modified":"2024-11-12T12:51:45","modified_gmt":"2024-11-12T11:51:45","slug":"mentions-legales","status":"publish","type":"page","link":"https:\/\/avalancheski.com\/en\/mentions-legales\/","title":{"rendered":"Mentions l\u00e9gales"},"content":{"rendered":"","protected":false},"excerpt":{"rendered":"","protected":false},"author":1,"featured_media":0,"parent":0,"menu_order":0,"comment_status":"closed","ping_status":"closed","template":"template-modules.php","meta":{"_acf_changed":false,"footnotes":""},"class_list":["post-505","page","type-page","status-publish","hentry"],"acf":[],"yoast_head":"<!-- This site is optimized with the Yoast SEO plugin v26.2 - https:\/\/yoast.com\/wordpress\/plugins\/seo\/ -->\n<title>Mentions L\u00e9gales - Avalanche Ski \u00e0 M\u00e9ribel<\/title>\n<meta name=\"description\" content=\"Consultez les informations l\u00e9gales d\u2019Avalanche Ski \u00e0 M\u00e9ribel : conditions d\u2019utilisation, politique de confidentialit\u00e9, et d\u00e9tails sur notre engagement envers la protection de vos donn\u00e9es personnelles.\" \/>\n<meta name=\"robots\" content=\"index, follow, max-snippet:-1, max-image-preview:large, max-video-preview:-1\" \/>\n<link rel=\"canonical\" href=\"https:\/\/avalancheski.com\/en\/mentions-legales\/\" \/>\n<meta property=\"og:locale\" content=\"en_US\" \/>\n<meta property=\"og:type\" content=\"article\" \/>\n<meta property=\"og:title\" content=\"Mentions L\u00e9gales - Avalanche Ski \u00e0 M\u00e9ribel\" \/>\n<meta property=\"og:description\" content=\"Consultez les informations l\u00e9gales d\u2019Avalanche Ski \u00e0 M\u00e9ribel : conditions d\u2019utilisation, politique de confidentialit\u00e9, et d\u00e9tails sur notre engagement envers la protection de vos donn\u00e9es personnelles.\" \/>\n<meta property=\"og:url\" content=\"https:\/\/avalancheski.com\/en\/mentions-legales\/\" \/>\n<meta property=\"og:site_name\" content=\"Avalanche Ski\" \/>\n<meta property=\"article:modified_time\" content=\"2024-11-12T11:51:45+00:00\" \/>\n<meta name=\"twitter:card\" content=\"summary_large_image\" \/>\n<script type=\"application\/ld+json\" class=\"yoast-schema-graph\">{\"@context\":\"https:\/\/schema.org\",\"@graph\":[{\"@type\":\"WebPage\",\"@id\":\"https:\/\/avalancheski.com\/en\/mentions-legales\/\",\"url\":\"https:\/\/avalancheski.com\/en\/mentions-legales\/\",\"name\":\"Mentions L\u00e9gales - Avalanche Ski \u00e0 M\u00e9ribel\",\"isPartOf\":{\"@id\":\"http:\/\/avalancheski.com\/#website\"},\"datePublished\":\"2024-09-13T09:44:54+00:00\",\"dateModified\":\"2024-11-12T11:51:45+00:00\",\"description\":\"Consultez les informations l\u00e9gales d\u2019Avalanche Ski \u00e0 M\u00e9ribel : conditions d\u2019utilisation, politique de confidentialit\u00e9, et d\u00e9tails sur notre engagement envers la protection de vos donn\u00e9es personnelles.\",\"breadcrumb\":{\"@id\":\"https:\/\/avalancheski.com\/en\/mentions-legales\/#breadcrumb\"},\"inLanguage\":\"en-US\",\"potentialAction\":[{\"@type\":\"ReadAction\",\"target\":[\"https:\/\/avalancheski.com\/en\/mentions-legales\/\"]}]},{\"@type\":\"BreadcrumbList\",\"@id\":\"https:\/\/avalancheski.com\/en\/mentions-legales\/#breadcrumb\",\"itemListElement\":[{\"@type\":\"ListItem\",\"position\":1,\"name\":\"Home\",\"item\":\"https:\/\/avalancheski.com\/en\/\"},{\"@type\":\"ListItem\",\"position\":2,\"name\":\"Mentions l\u00e9gales\"}]},{\"@type\":\"WebSite\",\"@id\":\"http:\/\/avalancheski.com\/#website\",\"url\":\"http:\/\/avalancheski.com\/\",\"name\":\"Avalanche Ski\",\"description\":\"\",\"publisher\":{\"@id\":\"http:\/\/avalancheski.com\/#organization\"},\"alternateName\":\"Avalancheski\",\"potentialAction\":[{\"@type\":\"SearchAction\",\"target\":{\"@type\":\"EntryPoint\",\"urlTemplate\":\"http:\/\/avalancheski.com\/?s={search_term_string}\"},\"query-input\":{\"@type\":\"PropertyValueSpecification\",\"valueRequired\":true,\"valueName\":\"search_term_string\"}}],\"inLanguage\":\"en-US\"},{\"@type\":\"Organization\",\"@id\":\"http:\/\/avalancheski.com\/#organization\",\"name\":\"Avalanche Ski\",\"alternateName\":\"avalancheski\",\"url\":\"http:\/\/avalancheski.com\/\",\"logo\":{\"@type\":\"ImageObject\",\"inLanguage\":\"en-US\",\"@id\":\"http:\/\/avalancheski.com\/#\/schema\/logo\/image\/\",\"url\":\"https:\/\/avalancheski.com\/wp-content\/uploads\/2024\/09\/avalanche-footer-logo.svg\",\"contentUrl\":\"https:\/\/avalancheski.com\/wp-content\/uploads\/2024\/09\/avalanche-footer-logo.svg\",\"width\":201,\"height\":208,\"caption\":\"Avalanche Ski\"},\"image\":{\"@id\":\"http:\/\/avalancheski.com\/#\/schema\/logo\/image\/\"}}]}<\/script>\n<!-- \/ Yoast SEO plugin. -->","yoast_head_json":{"title":"Mentions L\u00e9gales - Avalanche Ski \u00e0 M\u00e9ribel","description":"Consultez les informations l\u00e9gales d\u2019Avalanche Ski \u00e0 M\u00e9ribel : conditions d\u2019utilisation, politique de confidentialit\u00e9, et d\u00e9tails sur notre engagement envers la protection de vos donn\u00e9es personnelles.","robots":{"index":"index","follow":"follow","max-snippet":"max-snippet:-1","max-image-preview":"max-image-preview:large","max-video-preview":"max-video-preview:-1"},"canonical":"https:\/\/avalancheski.com\/en\/mentions-legales\/","og_locale":"en_US","og_type":"article","og_title":"Mentions L\u00e9gales - Avalanche Ski \u00e0 M\u00e9ribel","og_description":"Consultez les informations l\u00e9gales d\u2019Avalanche Ski \u00e0 M\u00e9ribel : conditions d\u2019utilisation, politique de confidentialit\u00e9, et d\u00e9tails sur notre engagement envers la protection de vos donn\u00e9es personnelles.","og_url":"https:\/\/avalancheski.com\/en\/mentions-legales\/","og_site_name":"Avalanche Ski","article_modified_time":"2024-11-12T11:51:45+00:00","twitter_card":"summary_large_image","schema":{"@context":"https:\/\/schema.org","@graph":[{"@type":"WebPage","@id":"https:\/\/avalancheski.com\/en\/mentions-legales\/","url":"https:\/\/avalancheski.com\/en\/mentions-legales\/","name":"Mentions L\u00e9gales - Avalanche Ski \u00e0 M\u00e9ribel","isPartOf":{"@id":"http:\/\/avalancheski.com\/#website"},"datePublished":"2024-09-13T09:44:54+00:00","dateModified":"2024-11-12T11:51:45+00:00","description":"Consultez les informations l\u00e9gales d\u2019Avalanche Ski \u00e0 M\u00e9ribel : conditions d\u2019utilisation, politique de confidentialit\u00e9, et d\u00e9tails sur notre engagement envers la protection de vos donn\u00e9es personnelles.","breadcrumb":{"@id":"https:\/\/avalancheski.com\/en\/mentions-legales\/#breadcrumb"},"inLanguage":"en-US","potentialAction":[{"@type":"ReadAction","target":["https:\/\/avalancheski.com\/en\/mentions-legales\/"]}]},{"@type":"BreadcrumbList","@id":"https:\/\/avalancheski.com\/en\/mentions-legales\/#breadcrumb","itemListElement":[{"@type":"ListItem","position":1,"name":"Home","item":"https:\/\/avalancheski.com\/en\/"},{"@type":"ListItem","position":2,"name":"Mentions l\u00e9gales"}]},{"@type":"WebSite","@id":"http:\/\/avalancheski.com\/#website","url":"http:\/\/avalancheski.com\/","name":"Avalanche Ski","description":"","publisher":{"@id":"http:\/\/avalancheski.com\/#organization"},"alternateName":"Avalancheski","potentialAction":[{"@type":"SearchAction","target":{"@type":"EntryPoint","urlTemplate":"http:\/\/avalancheski.com\/?s={search_term_string}"},"query-input":{"@type":"PropertyValueSpecification","valueRequired":true,"valueName":"search_term_string"}}],"inLanguage":"en-US"},{"@type":"Organization","@id":"http:\/\/avalancheski.com\/#organization","name":"Avalanche Ski","alternateName":"avalancheski","url":"http:\/\/avalancheski.com\/","logo":{"@type":"ImageObject","inLanguage":"en-US","@id":"http:\/\/avalancheski.com\/#\/schema\/logo\/image\/","url":"https:\/\/avalancheski.com\/wp-content\/uploads\/2024\/09\/avalanche-footer-logo.svg","contentUrl":"https:\/\/avalancheski.com\/wp-content\/uploads\/2024\/09\/avalanche-footer-logo.svg","width":201,"height":208,"caption":"Avalanche Ski"},"image":{"@id":"http:\/\/avalancheski.com\/#\/schema\/logo\/image\/"}}]}},"_links":{"self":[{"href":"https:\/\/avalancheski.com\/en\/wp-json\/wp\/v2\/pages\/505","targetHints":{"allow":["GET"]}}],"collection":[{"href":"https:\/\/avalancheski.com\/en\/wp-json\/wp\/v2\/pages"}],"about":[{"href":"https:\/\/avalancheski.com\/en\/wp-json\/wp\/v2\/types\/page"}],"author":[{"embeddable":true,"href":"https:\/\/avalancheski.com\/en\/wp-json\/wp\/v2\/users\/1"}],"replies":[{"embeddable":true,"href":"https:\/\/avalancheski.com\/en\/wp-json\/wp\/v2\/comments?post=505"}],"version-history":[{"count":4,"href":"https:\/\/avalancheski.com\/en\/wp-json\/wp\/v2\/pages\/505\/revisions"}],"predecessor-version":[{"id":1001,"href":"https:\/\/avalancheski.com\/en\/wp-json\/wp\/v2\/pages\/505\/revisions\/1001"}],"wp:attachment":[{"href":"https:\/\/avalancheski.com\/en\/wp-json\/wp\/v2\/media?parent=505"}],"curies":[{"name":"wp","href":"https:\/\/api.w.org\/{rel}","templated":true}]}}